{"id":2,"date":"2016-05-10T03:48:21","date_gmt":"2016-05-10T03:48:21","guid":{"rendered":"http:\/\/kameraverleih-braunschweig.de\/?page_id=2"},"modified":"2021-11-21T20:45:13","modified_gmt":"2021-11-21T20:45:13","slug":"homepage","status":"publish","type":"page","link":"https:\/\/kameraverleih-braunschweig.de\/","title":{"rendered":"Kameraverleih in Braunschweig"},"content":{"rendered":"\n<h2>Videotechnik, Filmtechnik, Verleihprofi in Braunschweig<\/h2>\n\n\n\n<div class=\"wp-block-columns has-2-columns\">\n<div class=\"wp-block-column\">\n<figure class=\"wp-block-image is-resized is-style-rounded\"><img loading=\"lazy\" src=\"http:\/\/kameraverleih-braunschweig.de\/wp-content\/uploads\/2019\/03\/bodo-kern-foto.1024x1024.png\" alt=\"\" class=\"wp-image-18\" width=\"453\" height=\"453\" srcset=\"https:\/\/kameraverleih-braunschweig.de\/wp-content\/uploads\/2019\/03\/bodo-kern-foto.1024x1024.png 1024w, https:\/\/kameraverleih-braunschweig.de\/wp-content\/uploads\/2019\/03\/bodo-kern-foto.1024x1024-300x300.png 300w, https:\/\/kameraverleih-braunschweig.de\/wp-content\/uploads\/2019\/03\/bodo-kern-foto.1024x1024-100x100.png 100w, https:\/\/kameraverleih-braunschweig.de\/wp-content\/uploads\/2019\/03\/bodo-kern-foto.1024x1024-600x600.png 600w, https:\/\/kameraverleih-braunschweig.de\/wp-content\/uploads\/2019\/03\/bodo-kern-foto.1024x1024-150x150.png 150w, https:\/\/kameraverleih-braunschweig.de\/wp-content\/uploads\/2019\/03\/bodo-kern-foto.1024x1024-768x768.png 768w\" sizes=\"(max-width: 453px) 100vw, 453px\" \/><figcaption>Bodo Kern<\/figcaption><\/figure>\n<\/div>\n\n\n\n<div class=\"wp-block-column\">\n<div class=\"wp-container-1 wp-block-group\"><div class=\"wp-block-group__inner-container\">\n<blockquote class=\"wp-block-quote is-style-default\"><p><font size=\"4\">Willkommen auf der Kernmedia Foto- und Film-\/Videotechnik Verleih in Braunschweig. Mein Name ist Bodo Kern und ich bin sei \u00fcber 25 Jahren im Film und Videobereich t\u00e4tig. Neben dem Bereich der <a href=\"https:\/\/www.kernmedia.de\" data-type=\"URL\" data-id=\"https:\/\/www.kernmedia.de\">Videoproduktion<\/a>, dem <a href=\"https:\/\/www.kernmedia.de\/livestreaming-braunschweig-hannover\/\" data-type=\"URL\" data-id=\"https:\/\/www.kernmedia.de\/livestreaming-braunschweig-hannover\/\">Livestreaming<\/a> und Postproduktion bietet euch <a href=\"https:\/\/kernmedia.de\" data-type=\"URL\" data-id=\"https:\/\/kernmedia.de\">Kernmedia<\/a> auch die M\u00f6glichkeit Videotechnik zu mieten.  F\u00fcr jedes Budget und f\u00fcr jedes Filmprojekt \/ Videoprojekt findest du auf dieser Seite bezahlbares Leihequipment.  Kameraverleih-Braunschweig.de. Hier kannst du dir alles f\u00fcr deine Produktion ausleihen.<\/font><\/p><\/blockquote>\n<\/div><\/div>\n\n\n\n<p><\/p>\n<\/div>\n<\/div>\n","protected":false},"excerpt":{"rendered":"<p>Videotechnik, Filmtechnik, Verleihprofi in Braunschweig Willkommen auf der Kernmedia Foto- und Film-\/Videotechnik Verleih in Braunschweig. Mein Name ist Bodo Kern und ich bin sei \u00fcber 25 Jahren im Film und Videobereich t\u00e4tig. Neben dem Bereich der Videoproduktion, dem Livestreaming und Postproduktion bietet euch Kernmedia auch die M\u00f6glichkeit Videotechnik zu mieten. F\u00fcr jedes Budget und f\u00fcr jedes Filmprojekt \/ Videoprojekt findest\u2026<\/p>\n","protected":false},"author":1,"featured_media":0,"parent":0,"menu_order":0,"comment_status":"closed","ping_status":"closed","template":"","meta":{"spay_email":""},"jetpack_sharing_enabled":true,"jetpack_shortlink":"https:\/\/wp.me\/PaQv3f-2","_links":{"self":[{"href":"https:\/\/kameraverleih-braunschweig.de\/index.php?rest_route=\/wp\/v2\/pages\/2"}],"collection":[{"href":"https:\/\/kameraverleih-braunschweig.de\/index.php?rest_route=\/wp\/v2\/pages"}],"about":[{"href":"https:\/\/kameraverleih-braunschweig.de\/index.php?rest_route=\/wp\/v2\/types\/page"}],"author":[{"embeddable":true,"href":"https:\/\/kameraverleih-braunschweig.de\/index.php?rest_route=\/wp\/v2\/users\/1"}],"replies":[{"embeddable":true,"href":"https:\/\/kameraverleih-braunschweig.de\/index.php?rest_route=%2Fwp%2Fv2%2Fcomments&post=2"}],"version-history":[{"count":15,"href":"https:\/\/kameraverleih-braunschweig.de\/index.php?rest_route=\/wp\/v2\/pages\/2\/revisions"}],"predecessor-version":[{"id":206,"href":"https:\/\/kameraverleih-braunschweig.de\/index.php?rest_route=\/wp\/v2\/pages\/2\/revisions\/206"}],"wp:attachment":[{"href":"https:\/\/kameraverleih-braunschweig.de\/index.php?rest_route=%2Fwp%2Fv2%2Fmedia&parent=2"}],"curies":[{"name":"wp","href":"https:\/\/api.w.org\/{rel}","templated":true}]}}