{"id":145,"date":"2020-08-24T16:22:20","date_gmt":"2020-08-24T16:22:20","guid":{"rendered":"http:\/\/kameraverleih-braunschweig.de\/?post_type=product&#038;p=145"},"modified":"2021-01-22T17:10:24","modified_gmt":"2021-01-22T17:10:24","slug":"hd-ptz-kamera-uv510a-mit-ndi","status":"publish","type":"product","link":"https:\/\/kameraverleih-braunschweig.de\/?product=hd-ptz-kamera-uv510a-mit-ndi","title":{"rendered":"HD PTZ Kamera mit NDI"},"content":{"rendered":"<p>Hervorragendes hochaufl\u00f6sendes Bild<br \/>\nhochwertiger CMOS-Sensor von 1 \/ 2,8 Zoll. Die Aufl\u00f6sung betr\u00e4gt bis zu 1920 \u00d7 1080 bei einer Bildrate von bis zu 60 fps.<\/p>\n<p>F\u00fchrende Autofokus-Technologie<br \/>\nDer f\u00fchrende Autofokus-Algorithmus macht das Objektiv zu einer schnellen, genauen und stabilen Autofokussierung.<\/p>\n<p>Geringes Rauschen und hohes SNR<br \/>\nCMOS mit geringem Rauschen gew\u00e4hrleisten effektiv ein hohes SNR des Kameravideos. Die fortschrittliche 2D \/ 3D-Rauschunterdr\u00fcckungstechnologie wird auch verwendet, um das Rauschen weiter zu reduzieren und gleichzeitig die Bildsch\u00e4rfe sicherzustellen.<br \/>\nAudioeingangsschnittstelle (f\u00fcr zuk\u00fcnftige Entwicklung)<\/p>\n<p>Unterst\u00fctzt 16000, 32000, 44100, 48000 Abtastfrequenz und AAC-, MP3-, PCM-Audiocodierung.<\/p>\n<p>Weitreichender, leiser und schneller Schwenk- \/ Neigungsmechanismus<br \/>\nDurch die Verwendung eines stufengetriebenen Motormechanismus arbeitet die UV510A-Kamera extrem leise und bewegt sich reibungslos.<\/p>\n<p>Mehrfache Audio \/ Video-Komprimierung<br \/>\nUnterst\u00fctzung der H.264 \/ H.265 -Videokomprimierung;<\/p>\n<p>AAC-, MP3<\/p>\n<p>Protokoll f\u00fcr mehrere Netzwerke<br \/>\nUnterst\u00fctzt NDI\u00ae-, ONVIF-, RTSP- und RTMP-Protokolle und unterst\u00fctzt den RTMP-Push-Modus, einen einfach zu verbindenden Streaming Media-Server (Wowza, FMS).<\/p>\n<p>RS-232-Kaskadenfunktion<br \/>\nUnterst\u00fctzt die RS-232-Kaskadenfunktion<\/p>\n<p>Breite Anwendung<br \/>\nTeleausbildung, Erfassung von Vorlesungen, Webcasting, Videokonferenzen, Teletraining, Telemedizin, Befragung und Notfallbefehlssysteme.<\/p>\n<p>Low-Power-Schlaffunktion<br \/>\nUnterst\u00fctzt Schlaf \/ Aufwachen mit geringem Stromverbrauch, der Verbrauch liegt im Schlafmodus unter 400 mW.<\/p>\n<p>NDI\u00ae ist eine eingetragene Marke von NewTek, Inc.<\/p>\n<p><img loading=\"lazy\" class=\"alignnone size-medium wp-image-124\" src=\"http:\/\/kameraverleih-braunschweig.de\/wp-content\/uploads\/2020\/08\/Minrray-HD-NDI-Front-300x200.jpg\" alt=\"\" width=\"300\" height=\"200\" srcset=\"https:\/\/kameraverleih-braunschweig.de\/wp-content\/uploads\/2020\/08\/Minrray-HD-NDI-Front-300x200.jpg 300w, https:\/\/kameraverleih-braunschweig.de\/wp-content\/uploads\/2020\/08\/Minrray-HD-NDI-Front-scaled-600x399.jpg 600w, https:\/\/kameraverleih-braunschweig.de\/wp-content\/uploads\/2020\/08\/Minrray-HD-NDI-Front-768x511.jpg 768w, https:\/\/kameraverleih-braunschweig.de\/wp-content\/uploads\/2020\/08\/Minrray-HD-NDI-Front-1024x681.jpg 1024w\" sizes=\"(max-width: 300px) 100vw, 300px\" \/> <img loading=\"lazy\" class=\"alignnone size-medium wp-image-123\" src=\"http:\/\/kameraverleih-braunschweig.de\/wp-content\/uploads\/2020\/08\/Minrray-HD-back-300x201.jpg\" alt=\"\" width=\"300\" height=\"201\" srcset=\"https:\/\/kameraverleih-braunschweig.de\/wp-content\/uploads\/2020\/08\/Minrray-HD-back-300x201.jpg 300w, https:\/\/kameraverleih-braunschweig.de\/wp-content\/uploads\/2020\/08\/Minrray-HD-back-scaled-600x401.jpg 600w, https:\/\/kameraverleih-braunschweig.de\/wp-content\/uploads\/2020\/08\/Minrray-HD-back-768x513.jpg 768w, https:\/\/kameraverleih-braunschweig.de\/wp-content\/uploads\/2020\/08\/Minrray-HD-back-1024x684.jpg 1024w\" sizes=\"(max-width: 300px) 100vw, 300px\" \/> <img loading=\"lazy\" class=\"alignnone size-medium wp-image-122\" src=\"http:\/\/kameraverleih-braunschweig.de\/wp-content\/uploads\/2020\/08\/Minrray-Front-linse-300x200.jpg\" alt=\"\" width=\"300\" height=\"200\" srcset=\"https:\/\/kameraverleih-braunschweig.de\/wp-content\/uploads\/2020\/08\/Minrray-Front-linse-300x200.jpg 300w, https:\/\/kameraverleih-braunschweig.de\/wp-content\/uploads\/2020\/08\/Minrray-Front-linse-scaled-600x401.jpg 600w, https:\/\/kameraverleih-braunschweig.de\/wp-content\/uploads\/2020\/08\/Minrray-Front-linse-768x513.jpg 768w, https:\/\/kameraverleih-braunschweig.de\/wp-content\/uploads\/2020\/08\/Minrray-Front-linse-1024x684.jpg 1024w\" sizes=\"(max-width: 300px) 100vw, 300px\" \/> <img loading=\"lazy\" class=\"alignnone size-medium wp-image-119\" src=\"http:\/\/kameraverleih-braunschweig.de\/wp-content\/uploads\/2020\/08\/Minnray-HD-Front-1-300x200.jpg\" alt=\"\" width=\"300\" height=\"200\" srcset=\"https:\/\/kameraverleih-braunschweig.de\/wp-content\/uploads\/2020\/08\/Minnray-HD-Front-1-300x200.jpg 300w, https:\/\/kameraverleih-braunschweig.de\/wp-content\/uploads\/2020\/08\/Minnray-HD-Front-1-scaled-600x401.jpg 600w, https:\/\/kameraverleih-braunschweig.de\/wp-content\/uploads\/2020\/08\/Minnray-HD-Front-1-768x513.jpg 768w, https:\/\/kameraverleih-braunschweig.de\/wp-content\/uploads\/2020\/08\/Minnray-HD-Front-1-1024x684.jpg 1024w\" sizes=\"(max-width: 300px) 100vw, 300px\" \/><\/p>\n","protected":false},"excerpt":{"rendered":"<p>Hervorragendes hochaufl\u00f6sendes Bild hochwertiger CMOS-Sensor von 1 \/ 2,8 Zoll. Die Aufl\u00f6sung betr\u00e4gt bis zu 1920 \u00d7 1080 bei einer Bildrate von bis zu 60 fps. F\u00fchrende Autofokus-Technologie Der f\u00fchrende Autofokus-Algorithmus macht das Objektiv zu einer schnellen, genauen und stabilen Autofokussierung. Geringes Rauschen und hohes SNR CMOS mit geringem Rauschen gew\u00e4hrleisten effektiv ein hohes SNR des Kameravideos. Die fortschrittliche 2D\u2026<\/p>\n","protected":false},"featured_media":128,"comment_status":"open","ping_status":"closed","template":"","meta":{"spay_email":"","jetpack_publicize_message":"","jetpack_is_tweetstorm":false,"jetpack_publicize_feature_enabled":true},"product_cat":[38,41],"product_tag":[],"jetpack_publicize_connections":[],"jetpack_sharing_enabled":true,"_links":{"self":[{"href":"https:\/\/kameraverleih-braunschweig.de\/index.php?rest_route=\/wp\/v2\/product\/145"}],"collection":[{"href":"https:\/\/kameraverleih-braunschweig.de\/index.php?rest_route=\/wp\/v2\/product"}],"about":[{"href":"https:\/\/kameraverleih-braunschweig.de\/index.php?rest_route=\/wp\/v2\/types\/product"}],"replies":[{"embeddable":true,"href":"https:\/\/kameraverleih-braunschweig.de\/index.php?rest_route=%2Fwp%2Fv2%2Fcomments&post=145"}],"wp:featuredmedia":[{"embeddable":true,"href":"https:\/\/kameraverleih-braunschweig.de\/index.php?rest_route=\/wp\/v2\/media\/128"}],"wp:attachment":[{"href":"https:\/\/kameraverleih-braunschweig.de\/index.php?rest_route=%2Fwp%2Fv2%2Fmedia&parent=145"}],"wp:term":[{"taxonomy":"product_cat","embeddable":true,"href":"https:\/\/kameraverleih-braunschweig.de\/index.php?rest_route=%2Fwp%2Fv2%2Fproduct_cat&post=145"},{"taxonomy":"product_tag","embeddable":true,"href":"https:\/\/kameraverleih-braunschweig.de\/index.php?rest_route=%2Fwp%2Fv2%2Fproduct_tag&post=145"}],"curies":[{"name":"wp","href":"https:\/\/api.w.org\/{rel}","templated":true}]}}